{"id":1712,"date":"2022-01-28T17:31:46","date_gmt":"2022-01-28T16:31:46","guid":{"rendered":"https:\/\/dante-freiburg.de\/la-dante\/"},"modified":"2024-10-24T19:37:34","modified_gmt":"2024-10-24T17:37:34","slug":"la-dante","status":"publish","type":"page","link":"https:\/\/dante-freiburg.de\/it\/la-dante\/","title":{"rendered":"D-La Dante"},"content":{"rendered":"\t\t<div data-elementor-type=\"wp-page\" data-elementor-id=\"1712\" class=\"elementor elementor-1712 elementor-1689\" data-elementor-settings=\"{&quot;ha_cmc_init_switcher&quot;:&quot;no&quot;}\" data-elementor-post-type=\"page\">\n\t\t\t\t\t\t<section class=\"elementor-section elementor-top-section elementor-element elementor-element-034bd9f elementor-section-full_width elementor-section-height-default elementor-section-height-default\" data-id=\"034bd9f\" data-element_type=\"section\" data-e-type=\"section\" data-settings=\"{&quot;jet_parallax_layout_list&quot;:[{&quot;jet_parallax_layout_image&quot;:{&quot;url&quot;:&quot;&quot;,&quot;id&quot;:&quot;&quot;,&quot;size&quot;:&quot;&quot;},&quot;_id&quot;:&quot;0967d33&quot;,&quot;jet_parallax_layout_image_tablet_extra&quot;:{&quot;url&quot;:&quot;&quot;,&quot;id&quot;:&quot;&quot;,&quot;size&quot;:&quot;&quot;},&quot;jet_parallax_layout_image_tablet&quot;:{&quot;url&quot;:&quot;&quot;,&quot;id&quot;:&quot;&quot;,&quot;size&quot;:&quot;&quot;},&quot;jet_parallax_layout_image_mobile_extra&quot;:{&quot;url&quot;:&quot;&quot;,&quot;id&quot;:&quot;&quot;,&quot;size&quot;:&quot;&quot;},&quot;jet_parallax_layout_image_mobile&quot;:{&quot;url&quot;:&quot;&quot;,&quot;id&quot;:&quot;&quot;,&quot;size&quot;:&quot;&quot;},&quot;jet_parallax_layout_speed&quot;:{&quot;unit&quot;:&quot;%&quot;,&quot;size&quot;:50,&quot;sizes&quot;:[]},&quot;jet_parallax_layout_type&quot;:&quot;scroll&quot;,&quot;jet_parallax_layout_direction&quot;:&quot;1&quot;,&quot;jet_parallax_layout_fx_direction&quot;:null,&quot;jet_parallax_layout_z_index&quot;:&quot;&quot;,&quot;jet_parallax_layout_bg_x&quot;:50,&quot;jet_parallax_layout_bg_x_tablet_extra&quot;:&quot;&quot;,&quot;jet_parallax_layout_bg_x_tablet&quot;:&quot;&quot;,&quot;jet_parallax_layout_bg_x_mobile_extra&quot;:&quot;&quot;,&quot;jet_parallax_layout_bg_x_mobile&quot;:&quot;&quot;,&quot;jet_parallax_layout_bg_y&quot;:50,&quot;jet_parallax_layout_bg_y_tablet_extra&quot;:&quot;&quot;,&quot;jet_parallax_layout_bg_y_tablet&quot;:&quot;&quot;,&quot;jet_parallax_layout_bg_y_mobile_extra&quot;:&quot;&quot;,&quot;jet_parallax_layout_bg_y_mobile&quot;:&quot;&quot;,&quot;jet_parallax_layout_bg_size&quot;:&quot;auto&quot;,&quot;jet_parallax_layout_bg_size_tablet_extra&quot;:&quot;&quot;,&quot;jet_parallax_layout_bg_size_tablet&quot;:&quot;&quot;,&quot;jet_parallax_layout_bg_size_mobile_extra&quot;:&quot;&quot;,&quot;jet_parallax_layout_bg_size_mobile&quot;:&quot;&quot;,&quot;jet_parallax_layout_animation_prop&quot;:&quot;transform&quot;,&quot;jet_parallax_layout_on&quot;:[&quot;desktop&quot;,&quot;tablet&quot;]}],&quot;background_background&quot;:&quot;classic&quot;,&quot;_ha_eqh_enable&quot;:false}\">\n\t\t\t\t\t\t<div class=\"elementor-container elementor-column-gap-default\">\n\t\t\t\t\t<div class=\"elementor-column elementor-col-100 elementor-top-column elementor-element elementor-element-e39f76a\" data-id=\"e39f76a\" data-element_type=\"column\" data-e-type=\"column\">\n\t\t\t<div class=\"elementor-widget-wrap elementor-element-populated\">\n\t\t\t\t\t\t<div class=\"elementor-element elementor-element-4487f54 elementor-widget elementor-widget-text-editor\" data-id=\"4487f54\" data-element_type=\"widget\" data-e-type=\"widget\" data-widget_type=\"text-editor.default\">\n\t\t\t\t\t\t\t\t\t<p>La Dante &#8211; La Societ\u00e0 Dante Alighieri<\/p>\t\t\t\t\t\t\t\t<\/div>\n\t\t\t\t\t<\/div>\n\t\t<\/div>\n\t\t\t\t\t<\/div>\n\t\t<\/section>\n\t\t\t\t<section class=\"elementor-section elementor-top-section elementor-element elementor-element-55923b5 elementor-section-full_width elementor-section-height-default elementor-section-height-default\" data-id=\"55923b5\" data-element_type=\"section\" data-e-type=\"section\" data-settings=\"{&quot;jet_parallax_layout_list&quot;:[{&quot;jet_parallax_layout_image&quot;:{&quot;url&quot;:&quot;&quot;,&quot;id&quot;:&quot;&quot;,&quot;size&quot;:&quot;&quot;},&quot;_id&quot;:&quot;0967d33&quot;,&quot;jet_parallax_layout_image_tablet_extra&quot;:{&quot;url&quot;:&quot;&quot;,&quot;id&quot;:&quot;&quot;,&quot;size&quot;:&quot;&quot;},&quot;jet_parallax_layout_image_tablet&quot;:{&quot;url&quot;:&quot;&quot;,&quot;id&quot;:&quot;&quot;,&quot;size&quot;:&quot;&quot;},&quot;jet_parallax_layout_image_mobile_extra&quot;:{&quot;url&quot;:&quot;&quot;,&quot;id&quot;:&quot;&quot;,&quot;size&quot;:&quot;&quot;},&quot;jet_parallax_layout_image_mobile&quot;:{&quot;url&quot;:&quot;&quot;,&quot;id&quot;:&quot;&quot;,&quot;size&quot;:&quot;&quot;},&quot;jet_parallax_layout_speed&quot;:{&quot;unit&quot;:&quot;%&quot;,&quot;size&quot;:50,&quot;sizes&quot;:[]},&quot;jet_parallax_layout_type&quot;:&quot;scroll&quot;,&quot;jet_parallax_layout_direction&quot;:&quot;1&quot;,&quot;jet_parallax_layout_fx_direction&quot;:null,&quot;jet_parallax_layout_z_index&quot;:&quot;&quot;,&quot;jet_parallax_layout_bg_x&quot;:50,&quot;jet_parallax_layout_bg_x_tablet_extra&quot;:&quot;&quot;,&quot;jet_parallax_layout_bg_x_tablet&quot;:&quot;&quot;,&quot;jet_parallax_layout_bg_x_mobile_extra&quot;:&quot;&quot;,&quot;jet_parallax_layout_bg_x_mobile&quot;:&quot;&quot;,&quot;jet_parallax_layout_bg_y&quot;:50,&quot;jet_parallax_layout_bg_y_tablet_extra&quot;:&quot;&quot;,&quot;jet_parallax_layout_bg_y_tablet&quot;:&quot;&quot;,&quot;jet_parallax_layout_bg_y_mobile_extra&quot;:&quot;&quot;,&quot;jet_parallax_layout_bg_y_mobile&quot;:&quot;&quot;,&quot;jet_parallax_layout_bg_size&quot;:&quot;auto&quot;,&quot;jet_parallax_layout_bg_size_tablet_extra&quot;:&quot;&quot;,&quot;jet_parallax_layout_bg_size_tablet&quot;:&quot;&quot;,&quot;jet_parallax_layout_bg_size_mobile_extra&quot;:&quot;&quot;,&quot;jet_parallax_layout_bg_size_mobile&quot;:&quot;&quot;,&quot;jet_parallax_layout_animation_prop&quot;:&quot;transform&quot;,&quot;jet_parallax_layout_on&quot;:[&quot;desktop&quot;,&quot;tablet&quot;]}],&quot;_ha_eqh_enable&quot;:false}\">\n\t\t\t\t\t\t<div class=\"elementor-container elementor-column-gap-no\">\n\t\t\t\t\t<div class=\"elementor-column elementor-col-100 elementor-top-column elementor-element elementor-element-9d831c2\" data-id=\"9d831c2\" data-element_type=\"column\" data-e-type=\"column\">\n\t\t\t<div class=\"elementor-widget-wrap elementor-element-populated\">\n\t\t\t\t\t\t<div class=\"elementor-element elementor-element-0b98238 elementor-widget elementor-widget-text-editor\" data-id=\"0b98238\" data-element_type=\"widget\" data-e-type=\"widget\" data-widget_type=\"text-editor.default\">\n\t\t\t\t\t\t\t\t\t<p><a href=\"https:\/\/ladante.it\" target=\"_blank\" rel=\"noopener\"><img decoding=\"async\" class=\"alignleft wp-image-1655 size-full\" src=\"https:\/\/dante-freiburg.de\/wp-content\/uploads\/2022\/01\/Dante-global-logo.jpg\" alt=\"\" width=\"84\" height=\"76\" \/><\/a>La <a href=\"https:\/\/ladante.it\/\" target=\"_blank\" rel=\"noopener\"><strong>Societ\u00e0 Dante Alighieri<\/strong><\/a>, fu fondata nel 1889 da un gruppo di intellettuali italiani su iniziativa dello scrittore Giossu\u00e9 Carducci. Il suo obiettivo centrale \u00e8 la coltivazione e la diffusione della lingua e della cultura italiana a livello internazionale. In questo quadro, vuole contribuire a far s\u00ec che gli stranieri possano conoscere e apprezzare meglio la cultura e la civilt\u00e0 italiana. Gran parte delle rappresentazioni &#8216;Dante&#8217; offrono non solo corsi di italiano, ma anche eventi culturali di ogni tipo su una base ampia, al fine di raggiungere un vasto pubblico per i pi\u00f9 diversi aspetti della vita italiana e della sua cultura.<\/p><p>La &#8220;Societ\u00e0&#8221; sostiene ancora pi\u00f9 di 500 comitati in tutto il mondo, di cui pi\u00f9 di 400 sono situati in circa 80 paesi. La sede della Societ\u00e0 \u00e8 a Palazzo Firenze a Roma. Il suo attuale direttore \u00e8 lo storico Andrea Riccardi.<\/p><p>La Societ\u00e0 rilascia anche un diploma di lingua italiana, il &#8220;Certificato PLIDA (Progretto Lingua Italiana Dante Alighieri), secondo le direttive del Ministero degli Affari Esteri italiano e dell&#8217;Universit\u00e0 &#8220;Sapienza&#8221; di Roma. \u00c8 un diploma che certifica la padronanza della lingua italiana a sei diversi livelli di competenza, tenendo conto del Quadro di Riferimento Europeo delle Lingue del 2012.<\/p><p>I fondatori intitolarono la societ\u00e0 a Dante Alighieri, perch\u00e9 nel suo nome fu completata l&#8217;unit\u00e0 linguistica della nazione e su questa base, sei secoli dopo, fu compiuta l&#8217;unificazione politica, cio\u00e8 statale. All&#8217;inizio, le attivit\u00e0 erano concentrate sulla creazione di corsi di italiano per gli emigranti che cercavano lavoro all&#8217;estero. I primi Comitati all&#8217;estero furono fondati in paesi dove esisteva gi\u00e0 una colonia italiana: in Svizzera (Ginevra 1894; Zurigo 1895), in Belgio (Liegi 1894) e in Francia (Marsiglia 1895).<\/p><p>Il primo Comitato straniero della &#8220;Dante&#8221; fu fondato a Salonicco nel 1890 e a Smirne l&#8217;anno successivo, seguito da uno a Istanbul nel 1895. Fuori dall&#8217;Europa, furono fondati Comitati in alcune citt\u00e0 del Nord America (New York 1897; Boston 1901) e soprattutto in Sud America (Buenos Aires 1896; Montevideo 1896; Iquique 1896; Rosario 1897; Caracas 1898; San Paolo 1899). Il Comitato pi\u00f9 lontano dalla madrepatria \u00e8 quello di Melbourne 1896.<br \/>Nel corso degli anni, la &#8220;Dante&#8221; si afferm\u00f2 a livello giuridico e amministrativo, merito del quarto presidente, Paolo Boselli (1906 &#8211; 1932); egli istitu\u00ec i primi corsi per la formazione degli insegnanti italiani all&#8217;estero.<\/p><p>Durante il periodo del fascismo, il &#8220;Dante&#8221; fu abusato dal regime per scopi politico-propagandistici. In molti stati, le attivit\u00e0 culturali della Societ\u00e0 furono messe sotto amministrazione fascista dal governo, sia negli istituti culturali locali che in quelli stranieri. Nel 1938, secondo un accordo raggiunto tra il ministro del commercio estero e la sede della &#8220;Dante Alighieri&#8221;, gli istituti italiani di cultura e i comitati della &#8220;Dante&#8221; dovevano essere sciolti. Questo ha portato ad una diminuzione del numero di comitati attivi, anche se in alcuni casi non sono stati formalmente sciolti ma posti sotto il controllo di un &#8220;fiduciario&#8221;. Tuttavia, hanno effettivamente perso la loro indipendenza e la loro capacit\u00e0 di agire.<\/p><p>Nel dopoguerra ci fu una riorganizzazione dei comitati all&#8217;estero. In Germania, un certo numero di Societ\u00e0 Dante Alighieri sono state riattivate o fondate, tra cui la Dante Alighieri Gesellschaft Freiburg e. V. come Comitato della &#8216;Societ\u00e0&#8217;. La Societ\u00e0 Dante Alighieri non deve essere confusa con la Societ\u00e0 Dante tedesca, che si occupa del patrimonio letterario di Dante Alighieri.<\/p>\t\t\t\t\t\t\t\t<\/div>\n\t\t\t\t\t<\/div>\n\t\t<\/div>\n\t\t\t\t\t<\/div>\n\t\t<\/section>\n\t\t\t\t<\/div>\n\t\t","protected":false},"excerpt":{"rendered":"<p>La Dante &#8211; La Societ\u00e0 Dante Alighieri La Societ\u00e0 Dante Alighieri, fu fondata nel 1889 da un gruppo di intellettuali italiani su iniziativa dello scrittore Giossu\u00e9 Carducci. Il suo obiettivo centrale \u00e8 la coltivazione e la diffusione della lingua e della cultura italiana a livello internazionale. In questo quadro, vuole contribuire a far s\u00ec che [&hellip;]<\/p>\n","protected":false},"author":1,"featured_media":0,"parent":0,"menu_order":0,"comment_status":"closed","ping_status":"closed","template":"","meta":{"_acf_changed":false,"ngg_post_thumbnail":0,"footnotes":""},"categories":[],"tags":[],"class_list":["post-1712","page","type-page","status-publish","hentry"],"acf":[],"_links":{"self":[{"href":"https:\/\/dante-freiburg.de\/it\/wp-json\/wp\/v2\/pages\/1712","targetHints":{"allow":["GET"]}}],"collection":[{"href":"https:\/\/dante-freiburg.de\/it\/wp-json\/wp\/v2\/pages"}],"about":[{"href":"https:\/\/dante-freiburg.de\/it\/wp-json\/wp\/v2\/types\/page"}],"author":[{"embeddable":true,"href":"https:\/\/dante-freiburg.de\/it\/wp-json\/wp\/v2\/users\/1"}],"replies":[{"embeddable":true,"href":"https:\/\/dante-freiburg.de\/it\/wp-json\/wp\/v2\/comments?post=1712"}],"version-history":[{"count":0,"href":"https:\/\/dante-freiburg.de\/it\/wp-json\/wp\/v2\/pages\/1712\/revisions"}],"wp:attachment":[{"href":"https:\/\/dante-freiburg.de\/it\/wp-json\/wp\/v2\/media?parent=1712"}],"wp:term":[{"taxonomy":"category","embeddable":true,"href":"https:\/\/dante-freiburg.de\/it\/wp-json\/wp\/v2\/categories?post=1712"},{"taxonomy":"post_tag","embeddable":true,"href":"https:\/\/dante-freiburg.de\/it\/wp-json\/wp\/v2\/tags?post=1712"}],"curies":[{"name":"wp","href":"https:\/\/api.w.org\/{rel}","templated":true}]}}