{"id":3711,"date":"2022-02-15T15:14:17","date_gmt":"2022-02-15T14:14:17","guid":{"rendered":"https:\/\/dante-freiburg.de\/d-dag-freiburg_storia\/"},"modified":"2024-10-24T19:29:50","modified_gmt":"2024-10-24T17:29:50","slug":"d-dag-freiburg_storia","status":"publish","type":"page","link":"https:\/\/dante-freiburg.de\/it\/d-dag-freiburg_storia\/","title":{"rendered":"D-DAG-Freiburg_storia"},"content":{"rendered":"\t\t<div data-elementor-type=\"wp-page\" data-elementor-id=\"3711\" class=\"elementor elementor-3711 elementor-3685\" data-elementor-settings=\"{&quot;ha_cmc_init_switcher&quot;:&quot;no&quot;}\" data-elementor-post-type=\"page\">\n\t\t\t\t\t\t<section class=\"elementor-section elementor-top-section elementor-element elementor-element-61e6894 elementor-section-full_width elementor-section-height-default elementor-section-height-default\" data-id=\"61e6894\" data-element_type=\"section\" data-e-type=\"section\" data-settings=\"{&quot;jet_parallax_layout_list&quot;:[{&quot;jet_parallax_layout_image&quot;:{&quot;url&quot;:&quot;&quot;,&quot;id&quot;:&quot;&quot;,&quot;size&quot;:&quot;&quot;},&quot;_id&quot;:&quot;0967d33&quot;,&quot;jet_parallax_layout_image_tablet_extra&quot;:{&quot;url&quot;:&quot;&quot;,&quot;id&quot;:&quot;&quot;,&quot;size&quot;:&quot;&quot;},&quot;jet_parallax_layout_image_tablet&quot;:{&quot;url&quot;:&quot;&quot;,&quot;id&quot;:&quot;&quot;,&quot;size&quot;:&quot;&quot;},&quot;jet_parallax_layout_image_mobile_extra&quot;:{&quot;url&quot;:&quot;&quot;,&quot;id&quot;:&quot;&quot;,&quot;size&quot;:&quot;&quot;},&quot;jet_parallax_layout_image_mobile&quot;:{&quot;url&quot;:&quot;&quot;,&quot;id&quot;:&quot;&quot;,&quot;size&quot;:&quot;&quot;},&quot;jet_parallax_layout_speed&quot;:{&quot;unit&quot;:&quot;%&quot;,&quot;size&quot;:50,&quot;sizes&quot;:[]},&quot;jet_parallax_layout_type&quot;:&quot;scroll&quot;,&quot;jet_parallax_layout_direction&quot;:&quot;1&quot;,&quot;jet_parallax_layout_fx_direction&quot;:null,&quot;jet_parallax_layout_z_index&quot;:&quot;&quot;,&quot;jet_parallax_layout_bg_x&quot;:50,&quot;jet_parallax_layout_bg_x_tablet_extra&quot;:&quot;&quot;,&quot;jet_parallax_layout_bg_x_tablet&quot;:&quot;&quot;,&quot;jet_parallax_layout_bg_x_mobile_extra&quot;:&quot;&quot;,&quot;jet_parallax_layout_bg_x_mobile&quot;:&quot;&quot;,&quot;jet_parallax_layout_bg_y&quot;:50,&quot;jet_parallax_layout_bg_y_tablet_extra&quot;:&quot;&quot;,&quot;jet_parallax_layout_bg_y_tablet&quot;:&quot;&quot;,&quot;jet_parallax_layout_bg_y_mobile_extra&quot;:&quot;&quot;,&quot;jet_parallax_layout_bg_y_mobile&quot;:&quot;&quot;,&quot;jet_parallax_layout_bg_size&quot;:&quot;auto&quot;,&quot;jet_parallax_layout_bg_size_tablet_extra&quot;:&quot;&quot;,&quot;jet_parallax_layout_bg_size_tablet&quot;:&quot;&quot;,&quot;jet_parallax_layout_bg_size_mobile_extra&quot;:&quot;&quot;,&quot;jet_parallax_layout_bg_size_mobile&quot;:&quot;&quot;,&quot;jet_parallax_layout_animation_prop&quot;:&quot;transform&quot;,&quot;jet_parallax_layout_on&quot;:[&quot;desktop&quot;,&quot;tablet&quot;]}],&quot;background_background&quot;:&quot;classic&quot;,&quot;_ha_eqh_enable&quot;:false}\">\n\t\t\t\t\t\t<div class=\"elementor-container elementor-column-gap-default\">\n\t\t\t\t\t<div class=\"elementor-column elementor-col-100 elementor-top-column elementor-element elementor-element-4645f82\" data-id=\"4645f82\" data-element_type=\"column\" data-e-type=\"column\">\n\t\t\t<div class=\"elementor-widget-wrap elementor-element-populated\">\n\t\t\t\t\t\t<div class=\"elementor-element elementor-element-c6c8ddc elementor-widget elementor-widget-text-editor\" data-id=\"c6c8ddc\" data-element_type=\"widget\" data-e-type=\"widget\" data-widget_type=\"text-editor.default\">\n\t\t\t\t\t\t\t\t\t<p>La storia della Dante Alighieri Gesellschaft Freiburg<\/p>\t\t\t\t\t\t\t\t<\/div>\n\t\t\t\t\t<\/div>\n\t\t<\/div>\n\t\t\t\t\t<\/div>\n\t\t<\/section>\n\t\t\t\t<section class=\"elementor-section elementor-top-section elementor-element elementor-element-55923b5 elementor-section-full_width elementor-section-height-default elementor-section-height-default\" data-id=\"55923b5\" data-element_type=\"section\" data-e-type=\"section\" data-settings=\"{&quot;jet_parallax_layout_list&quot;:[{&quot;jet_parallax_layout_image&quot;:{&quot;url&quot;:&quot;&quot;,&quot;id&quot;:&quot;&quot;,&quot;size&quot;:&quot;&quot;},&quot;_id&quot;:&quot;0967d33&quot;,&quot;jet_parallax_layout_image_tablet_extra&quot;:{&quot;url&quot;:&quot;&quot;,&quot;id&quot;:&quot;&quot;,&quot;size&quot;:&quot;&quot;},&quot;jet_parallax_layout_image_tablet&quot;:{&quot;url&quot;:&quot;&quot;,&quot;id&quot;:&quot;&quot;,&quot;size&quot;:&quot;&quot;},&quot;jet_parallax_layout_image_mobile_extra&quot;:{&quot;url&quot;:&quot;&quot;,&quot;id&quot;:&quot;&quot;,&quot;size&quot;:&quot;&quot;},&quot;jet_parallax_layout_image_mobile&quot;:{&quot;url&quot;:&quot;&quot;,&quot;id&quot;:&quot;&quot;,&quot;size&quot;:&quot;&quot;},&quot;jet_parallax_layout_speed&quot;:{&quot;unit&quot;:&quot;%&quot;,&quot;size&quot;:50,&quot;sizes&quot;:[]},&quot;jet_parallax_layout_type&quot;:&quot;scroll&quot;,&quot;jet_parallax_layout_direction&quot;:&quot;1&quot;,&quot;jet_parallax_layout_fx_direction&quot;:null,&quot;jet_parallax_layout_z_index&quot;:&quot;&quot;,&quot;jet_parallax_layout_bg_x&quot;:50,&quot;jet_parallax_layout_bg_x_tablet_extra&quot;:&quot;&quot;,&quot;jet_parallax_layout_bg_x_tablet&quot;:&quot;&quot;,&quot;jet_parallax_layout_bg_x_mobile_extra&quot;:&quot;&quot;,&quot;jet_parallax_layout_bg_x_mobile&quot;:&quot;&quot;,&quot;jet_parallax_layout_bg_y&quot;:50,&quot;jet_parallax_layout_bg_y_tablet_extra&quot;:&quot;&quot;,&quot;jet_parallax_layout_bg_y_tablet&quot;:&quot;&quot;,&quot;jet_parallax_layout_bg_y_mobile_extra&quot;:&quot;&quot;,&quot;jet_parallax_layout_bg_y_mobile&quot;:&quot;&quot;,&quot;jet_parallax_layout_bg_size&quot;:&quot;auto&quot;,&quot;jet_parallax_layout_bg_size_tablet_extra&quot;:&quot;&quot;,&quot;jet_parallax_layout_bg_size_tablet&quot;:&quot;&quot;,&quot;jet_parallax_layout_bg_size_mobile_extra&quot;:&quot;&quot;,&quot;jet_parallax_layout_bg_size_mobile&quot;:&quot;&quot;,&quot;jet_parallax_layout_animation_prop&quot;:&quot;transform&quot;,&quot;jet_parallax_layout_on&quot;:[&quot;desktop&quot;,&quot;tablet&quot;]}],&quot;_ha_eqh_enable&quot;:false}\">\n\t\t\t\t\t\t<div class=\"elementor-container elementor-column-gap-no\">\n\t\t\t\t\t<div class=\"elementor-column elementor-col-100 elementor-top-column elementor-element elementor-element-9d831c2\" data-id=\"9d831c2\" data-element_type=\"column\" data-e-type=\"column\">\n\t\t\t<div class=\"elementor-widget-wrap elementor-element-populated\">\n\t\t\t\t\t\t<div class=\"elementor-element elementor-element-bd69e2f elementor-widget elementor-widget-image\" data-id=\"bd69e2f\" data-element_type=\"widget\" data-e-type=\"widget\" data-widget_type=\"image.default\">\n\t\t\t\t\t\t\t\t\t\t\t\t<figure class=\"wp-caption\">\n\t\t\t\t\t\t\t\t\t\t<img fetchpriority=\"high\" decoding=\"async\" width=\"1900\" height=\"299\" src=\"https:\/\/dante-freiburg.de\/wp-content\/uploads\/rodante-header.jpg\" class=\"attachment-2048x2048 size-2048x2048 wp-image-3701\" alt=\"\" srcset=\"https:\/\/dante-freiburg.de\/wp-content\/uploads\/rodante-header.jpg 1900w, https:\/\/dante-freiburg.de\/wp-content\/uploads\/rodante-header-600x94.jpg 600w, https:\/\/dante-freiburg.de\/wp-content\/uploads\/rodante-header-300x47.jpg 300w, https:\/\/dante-freiburg.de\/wp-content\/uploads\/rodante-header-1024x161.jpg 1024w, https:\/\/dante-freiburg.de\/wp-content\/uploads\/rodante-header-768x121.jpg 768w, https:\/\/dante-freiburg.de\/wp-content\/uploads\/rodante-header-1536x242.jpg 1536w\" sizes=\"(max-width: 1900px) 100vw, 1900px\" \/>\t\t\t\t\t\t\t\t\t\t\t<figcaption class=\"widget-image-caption wp-caption-text\">L'intestazione storica della prima website della Societ\u00e0 Dante Alighieri di Friburgo<\/figcaption>\n\t\t\t\t\t\t\t\t\t\t<\/figure>\n\t\t\t\t\t\t\t\t\t<\/div>\n\t\t\t\t<div class=\"elementor-element elementor-element-0b98238 elementor-widget elementor-widget-text-editor\" data-id=\"0b98238\" data-element_type=\"widget\" data-e-type=\"widget\" data-widget_type=\"text-editor.default\">\n\t\t\t\t\t\t\t\t\t<p>La Dante Alighieri Gesellschaft Freiburg e. V. \u00e8 stata fondata nel 1998 sotto l&#8217;influenza decisiva di Rolf Grammelspacher ed \u00e8 stata iscritta nel registro delle associazioni presso il Tribunale di Friburgo un anno dopo. In origine, doveva essere solo un&#8217;organizzazione ombrello con un consiglio di amministrazione senza membri, che doveva sostenere progetti culturali italiani rilevanti a Friburgo e dintorni. Nel 2000, per\u00f2, si \u00e8 trasformata in una vera e propria societ\u00e0 associativa, che ora offre anche una casa ai membri orfani di altre associazioni culturali italiane.<\/p>\n<p>La Societ\u00e0 Dante Alighieri di Friburgo ha continuato il lavoro culturale di due societ\u00e0 precedenti. Una era la &#8220;Societ\u00e0 italo-tedesca&#8221;, che fu fondata nel 1943 ed era attiva nel campo dell&#8217;educazione culturale come la storia dell&#8217;arte, la letteratura, i viaggi e altro. Le sue attivit\u00e0 diminuirono nel corso degli anni e fu sciolto nel 2000. Dall&#8217;altra parte, c&#8217;era la &#8220;Italarte&#8221;, fondata nel 1995 da Loretta Braschi, ex dipendente del consolato. All&#8217;inizio era molto popolare ed era attivo soprattutto nel campo degli eventi musicali con artisti italiani, viaggi organizzati e corsi di lingua. A seguito di una decisione dei membri, \u00e8 stato ufficialmente sciolto nel 2001.<\/p>\n<p>Rolf Grammelspacher, attivo soprattutto come tesoriere in entrambe le associazioni italiane, \u00e8 stato il motore della fondazione della Societ\u00e0 Dante Alighieri di Friburgo e le ha dato il suo profilo distintivo come amministratore delegato fino al 2014. Fu sostenuto nella fondazione dall&#8217;allora console italiano Fabrizio Nicoletta e dal presidente del governo, il dottor Konrad Schr\u00f6der, che guid\u00f2 la societ\u00e0 come presidente dall&#8217;inizio fino alla sua morte nel 2006. Il suo successore fu il Prof. Dr. Horst Buszello. Nel 2021, Myrtil Haefs ha assunto la direzione.<\/p>\n<p>La Societ\u00e0 Dante Alighieri di Friburgo ha ora una base molto ampia: Offre vari corsi di lingua e gruppi linguistici a diversi livelli e organizza tutta una serie di conferenze, mostre, concorsi d&#8217;arte, concerti e incontri chiaramente italiani. Alcuni di essi sono anche offerti in forma digitale in rete.<\/p>\n<p>La societ\u00e0 \u00e8 stata anche scelta dalla citt\u00e0 di Friburgo come ente ufficiale di coordinamento per lo scambio culturale con la citt\u00e0 gemellata di Padova e collabora attivamente all&#8217;iniziativa, all&#8217;organizzazione e alla realizzazione di eventi a Friburgo che promuovono il gemellaggio tra Friburgo e Padova, come gli eventi tenuti in occasione del 50\u00b0 anniversario del gemellaggio nel 2017 e regolarmente al Twin Cities Market. All&#8217;annuale &#8220;mercato del gemellaggio&#8221; della citt\u00e0 di Friburgo, che si tiene ogni due anni dal 2006, l&#8217;associazione svolge un ruolo significativo nelle attivit\u00e0 per presentare la citt\u00e0 di Padova con la sua diversa ricchezza culturale.<\/p>\n\t\t\t\t\t\t\t\t<\/div>\n\t\t\t\t\t<\/div>\n\t\t<\/div>\n\t\t\t\t\t<\/div>\n\t\t<\/section>\n\t\t\t\t<\/div>\n\t\t","protected":false},"excerpt":{"rendered":"<p>La storia della Dante Alighieri Gesellschaft Freiburg L&#8217;intestazione storica della prima website della Societ\u00e0 Dante Alighieri di Friburgo La Dante Alighieri Gesellschaft Freiburg e. V. \u00e8 stata fondata nel 1998 sotto l&#8217;influenza decisiva di Rolf Grammelspacher ed \u00e8 stata iscritta nel registro delle associazioni presso il Tribunale di Friburgo un anno dopo. In origine, doveva [&hellip;]<\/p>\n","protected":false},"author":1,"featured_media":0,"parent":0,"menu_order":0,"comment_status":"closed","ping_status":"closed","template":"","meta":{"_acf_changed":false,"ngg_post_thumbnail":0,"footnotes":""},"categories":[],"tags":[],"class_list":["post-3711","page","type-page","status-publish","hentry"],"acf":[],"_links":{"self":[{"href":"https:\/\/dante-freiburg.de\/it\/wp-json\/wp\/v2\/pages\/3711","targetHints":{"allow":["GET"]}}],"collection":[{"href":"https:\/\/dante-freiburg.de\/it\/wp-json\/wp\/v2\/pages"}],"about":[{"href":"https:\/\/dante-freiburg.de\/it\/wp-json\/wp\/v2\/types\/page"}],"author":[{"embeddable":true,"href":"https:\/\/dante-freiburg.de\/it\/wp-json\/wp\/v2\/users\/1"}],"replies":[{"embeddable":true,"href":"https:\/\/dante-freiburg.de\/it\/wp-json\/wp\/v2\/comments?post=3711"}],"version-history":[{"count":0,"href":"https:\/\/dante-freiburg.de\/it\/wp-json\/wp\/v2\/pages\/3711\/revisions"}],"wp:attachment":[{"href":"https:\/\/dante-freiburg.de\/it\/wp-json\/wp\/v2\/media?parent=3711"}],"wp:term":[{"taxonomy":"category","embeddable":true,"href":"https:\/\/dante-freiburg.de\/it\/wp-json\/wp\/v2\/categories?post=3711"},{"taxonomy":"post_tag","embeddable":true,"href":"https:\/\/dante-freiburg.de\/it\/wp-json\/wp\/v2\/tags?post=3711"}],"curies":[{"name":"wp","href":"https:\/\/api.w.org\/{rel}","templated":true}]}}