{"id":6150,"date":"2022-04-24T20:21:33","date_gmt":"2022-04-24T18:21:33","guid":{"rendered":"https:\/\/dante-freiburg.de\/?page_id=6150"},"modified":"2026-03-13T14:25:41","modified_gmt":"2026-03-13T13:25:41","slug":"d-archiv_historische-dokumente","status":"publish","type":"page","link":"https:\/\/dante-freiburg.de\/it\/d-archiv_historische-dokumente\/","title":{"rendered":"D-Archivio storico-documenti"},"content":{"rendered":"<p class=\"attachment\"><a href='https:\/\/dante-freiburg.de\/wp-content\/uploads\/caravaggio.jpgPortrait-e1672073136822.jpg'><img fetchpriority=\"high\" decoding=\"async\" width=\"226\" height=\"300\" src=\"https:\/\/dante-freiburg.de\/wp-content\/uploads\/caravaggio.jpgPortrait-226x300.jpg\" class=\"attachment-medium size-medium\" alt=\"\" \/><\/a><\/p>\n\t\t<div data-elementor-type=\"wp-page\" data-elementor-id=\"6150\" class=\"elementor elementor-6150 elementor-6143\" data-elementor-settings=\"{&quot;ha_cmc_init_switcher&quot;:&quot;no&quot;}\" data-elementor-post-type=\"page\">\n\t\t\t\t\t\t<section class=\"elementor-section elementor-top-section elementor-element elementor-element-13f385b elementor-section-full_width elementor-section-height-default elementor-section-height-default\" data-id=\"13f385b\" data-element_type=\"section\" data-e-type=\"section\" data-settings=\"{&quot;jet_parallax_layout_list&quot;:[{&quot;jet_parallax_layout_image&quot;:{&quot;url&quot;:&quot;&quot;,&quot;id&quot;:&quot;&quot;,&quot;size&quot;:&quot;&quot;},&quot;_id&quot;:&quot;0967d33&quot;,&quot;jet_parallax_layout_image_tablet_extra&quot;:{&quot;url&quot;:&quot;&quot;,&quot;id&quot;:&quot;&quot;,&quot;size&quot;:&quot;&quot;},&quot;jet_parallax_layout_image_tablet&quot;:{&quot;url&quot;:&quot;&quot;,&quot;id&quot;:&quot;&quot;,&quot;size&quot;:&quot;&quot;},&quot;jet_parallax_layout_image_mobile_extra&quot;:{&quot;url&quot;:&quot;&quot;,&quot;id&quot;:&quot;&quot;,&quot;size&quot;:&quot;&quot;},&quot;jet_parallax_layout_image_mobile&quot;:{&quot;url&quot;:&quot;&quot;,&quot;id&quot;:&quot;&quot;,&quot;size&quot;:&quot;&quot;},&quot;jet_parallax_layout_speed&quot;:{&quot;unit&quot;:&quot;%&quot;,&quot;size&quot;:50,&quot;sizes&quot;:[]},&quot;jet_parallax_layout_type&quot;:&quot;scroll&quot;,&quot;jet_parallax_layout_direction&quot;:&quot;1&quot;,&quot;jet_parallax_layout_fx_direction&quot;:null,&quot;jet_parallax_layout_z_index&quot;:&quot;&quot;,&quot;jet_parallax_layout_bg_x&quot;:50,&quot;jet_parallax_layout_bg_x_tablet_extra&quot;:&quot;&quot;,&quot;jet_parallax_layout_bg_x_tablet&quot;:&quot;&quot;,&quot;jet_parallax_layout_bg_x_mobile_extra&quot;:&quot;&quot;,&quot;jet_parallax_layout_bg_x_mobile&quot;:&quot;&quot;,&quot;jet_parallax_layout_bg_y&quot;:50,&quot;jet_parallax_layout_bg_y_tablet_extra&quot;:&quot;&quot;,&quot;jet_parallax_layout_bg_y_tablet&quot;:&quot;&quot;,&quot;jet_parallax_layout_bg_y_mobile_extra&quot;:&quot;&quot;,&quot;jet_parallax_layout_bg_y_mobile&quot;:&quot;&quot;,&quot;jet_parallax_layout_bg_size&quot;:&quot;auto&quot;,&quot;jet_parallax_layout_bg_size_tablet_extra&quot;:&quot;&quot;,&quot;jet_parallax_layout_bg_size_tablet&quot;:&quot;&quot;,&quot;jet_parallax_layout_bg_size_mobile_extra&quot;:&quot;&quot;,&quot;jet_parallax_layout_bg_size_mobile&quot;:&quot;&quot;,&quot;jet_parallax_layout_animation_prop&quot;:&quot;transform&quot;,&quot;jet_parallax_layout_on&quot;:[&quot;desktop&quot;,&quot;tablet&quot;]}],&quot;_ha_eqh_enable&quot;:false}\">\n\t\t\t\t\t\t<div class=\"elementor-container elementor-column-gap-default\">\n\t\t\t\t\t<div class=\"elementor-column elementor-col-100 elementor-top-column elementor-element elementor-element-06656c3\" data-id=\"06656c3\" data-element_type=\"column\" data-e-type=\"column\">\n\t\t\t<div class=\"elementor-widget-wrap elementor-element-populated\">\n\t\t\t\t\t\t<div class=\"elementor-element elementor-element-b14e3be ha-has-bg-overlay elementor-widget elementor-widget-text-editor\" data-id=\"b14e3be\" data-element_type=\"widget\" data-e-type=\"widget\" data-widget_type=\"text-editor.default\">\n\t\t\t\t\t\t\t\t\t<p>Archivio di documenti storici<\/p>\t\t\t\t\t\t\t\t<\/div>\n\t\t\t\t\t<\/div>\n\t\t<\/div>\n\t\t\t\t\t<\/div>\n\t\t<\/section>\n\t\t\t\t<section class=\"elementor-section elementor-top-section elementor-element elementor-element-a6235e0 elementor-section-full_width elementor-section-height-default elementor-section-height-default\" data-id=\"a6235e0\" data-element_type=\"section\" data-e-type=\"section\" data-settings=\"{&quot;jet_parallax_layout_list&quot;:[],&quot;_ha_eqh_enable&quot;:false}\">\n\t\t\t\t\t\t<div class=\"elementor-container elementor-column-gap-default\">\n\t\t\t\t\t<div class=\"elementor-column elementor-col-100 elementor-top-column elementor-element elementor-element-df89d72\" data-id=\"df89d72\" data-element_type=\"column\" data-e-type=\"column\">\n\t\t\t<div class=\"elementor-widget-wrap elementor-element-populated\">\n\t\t\t\t\t\t<div class=\"elementor-element elementor-element-d224b84 elementor-widget elementor-widget-shortcode\" data-id=\"d224b84\" data-element_type=\"widget\" data-e-type=\"widget\" data-widget_type=\"shortcode.default\">\n\t\t\t\t\t\t\t<div class=\"elementor-shortcode\"><section class=\"medialist-embedded-section\"><div mediajqref=\"medialist-construct\" id=\"mlid-69f0843951a87\"class=\"medialist ml-mauve\" data-instance=\"69f0843951a87\" data-token=\"10\" data-paging=\"1\"><ul class=\"ml-ul-ml-mauve\" style=\"list-style-type:none;\"><li class=\"ml-li-ml-mauve\"><a class=\"ml-item-ml-mauve medialist-ml-mauve jpg\"href=\"https:\/\/dante-freiburg.de\/wp-content\/uploads\/Michelangelo_Caetani_Cross_Section_of_Hell_1855_Cornell_CUL_PJM_1071_04.jpg\"target=\"_blank\">Michelangelo_Caetani_Cross_Section_of_Hell_1855_Cornell_CUL_PJM_1071_04 <span class=\"ml-details-ml-mauve\">jpg 795 B<\/span><\/a><\/li><li class=\"ml-li-ml-mauve\"><a class=\"ml-item-ml-mauve medialist-ml-mauve jpg\"href=\"https:\/\/dante-freiburg.de\/wp-content\/uploads\/430522_web_R_by_Rike_pixelio.de_-1.jpg\"target=\"_blank\">430522_web_R_by_Rike_pixelio.de_.jpg <span class=\"ml-details-ml-mauve\">jpg 795 B<\/span><\/a><\/li><li class=\"ml-li-ml-mauve\"><a class=\"ml-item-ml-mauve medialist-ml-mauve jpg\"href=\"https:\/\/dante-freiburg.de\/wp-content\/uploads\/Sandro_Botticelli_Self-portrait_ca_1475.jpg\"target=\"_blank\">Sandro_Botticelli_Self-portrait_ca_1475 <span class=\"ml-details-ml-mauve\">jpg 795 B<\/span><\/a><\/li><li class=\"ml-li-ml-mauve\"><a class=\"ml-item-ml-mauve medialist-ml-mauve jpg\"href=\"https:\/\/dante-freiburg.de\/wp-content\/uploads\/Bellissimo-Hintergrund-1.jpg\"target=\"_blank\">Bellissimo-Hintergrund.jpg <span class=\"ml-details-ml-mauve\">jpg 795 B<\/span><\/a><\/li><li class=\"ml-li-ml-mauve\"><a class=\"ml-item-ml-mauve medialist-ml-mauve jpg\"href=\"https:\/\/dante-freiburg.de\/wp-content\/uploads\/Bellissimo-Hintergrund.jpg\"target=\"_blank\">Bellissimo Hintergrund <span class=\"ml-details-ml-mauve\">jpg 795 B<\/span><\/a><\/li><li class=\"ml-li-ml-mauve\"><a class=\"ml-item-ml-mauve medialist-ml-mauve jpg\"href=\"https:\/\/dante-freiburg.de\/wp-content\/uploads\/Pietro_Labruzzi_portrait_of_Giovanni_Battista_Piranesi.jpg\"target=\"_blank\">Pietro_Labruzzi_portrait_of_Giovanni_Battista_Piranesi <span class=\"ml-details-ml-mauve\">jpg 795 B<\/span><\/a><\/li><li class=\"ml-li-ml-mauve\"><a class=\"ml-item-ml-mauve medialist-ml-mauve jpg\"href=\"https:\/\/dante-freiburg.de\/wp-content\/uploads\/Rom-1280px-Piranesi-3018.jpg\"target=\"_blank\">Rom-1280px-Piranesi-3018 <span class=\"ml-details-ml-mauve\">jpg 795 B<\/span><\/a><\/li><li class=\"ml-li-ml-mauve\"><a class=\"ml-item-ml-mauve medialist-ml-mauve jpg\"href=\"https:\/\/dante-freiburg.de\/wp-content\/uploads\/caravaggio.jpgPortrait-e1672073136822.jpg\"target=\"_blank\">caravaggio.jpg!Portrait <span class=\"ml-details-ml-mauve\">jpg 795 B<\/span><\/a><\/li><\/ul><\/div><\/section><\/div>\n\t\t\t\t\t\t<\/div>\n\t\t\t\t<div class=\"elementor-element elementor-element-2a3d91b elementor-widget elementor-widget-shortcode\" data-id=\"2a3d91b\" data-element_type=\"widget\" data-e-type=\"widget\" data-widget_type=\"shortcode.default\">\n\t\t\t\t\t\t\t<div class=\"elementor-shortcode\">\n<table id=\"tablepress-5\" class=\"tablepress tablepress-id-5\">\n<thead>\n<tr class=\"row-1\">\n\t<th class=\"column-1\"><strong>Jahr<\/strong><\/th><th class=\"column-2\"><strong>Titel<\/strong><\/th><th class=\"column-3\"><strong>Beschreibung<\/strong><\/th>\n<\/tr>\n<\/thead>\n<tbody class=\"row-striping row-hover\">\n<tr class=\"row-2\">\n\t<td class=\"column-1\">2024<\/td><td class=\"column-2\"><a href=\"https:\/\/dante-freiburg.de\/wp-content\/uploads\/bz_ezeitung___badische_zeitung_de_24.06.2024_fre_das_hohelied_der_steine.pdf\" rel=\"noopener\" target=\"_blank\">BZ-Artikel vom 24. Juni 2024 \u00fcber die Piranesi-Ausstellung in Freiburg<\/a><\/td><td class=\"column-3\"><strong>Giovanni Battista Piranesi \"Vedute di Roma\"<\/strong> - Artikel der Badischen Zeitung \u00fcber die Ausstellung, die vom Augustinermuseum in der Graphischen Sammlung zu sehen war, in Kooperation mit dem Kunstgeschichtlichen Institut der Universit\u00e4t Freiburg und der Dante Alighieri Gesellschaft Freiburg.  <\/td>\n<\/tr>\n<tr class=\"row-3\">\n\t<td class=\"column-1\">2024<\/td><td class=\"column-2\"><a href=\"https:\/\/dante-freiburg.de\/wp-content\/uploads\/BZ_DAG-Artikel.pdf\" rel=\"noopener\" target=\"_blank\">BZ-Artikel vom 19. M\u00e4rz 2024 \u00fcber die Dante Alighieri Gesellschaft Freiburg<\/a><\/td><td class=\"column-3\"><strong>Die Freiburger Dante-Alighieri-Gesellschaft ist eine Anlaufstelle f\u00fcr Italien-Freunde<\/strong> - Artikel der Badischen Zeitung nach einem Interview mit der Vorsitzenden Myrtil Haefs, dem Stellvertretenden Vorsitzenden Friedrich Leeck und dem Vorstandsmitglied Silvia Ros<\/td>\n<\/tr>\n<tr class=\"row-4\">\n\t<td class=\"column-1\">2013<\/td><td class=\"column-2\"><a href=\"https:\/\/dante-freiburg.de\/wp-content\/uploads\/Dante_Lucianetti.pdf\" rel=\"noopener\" target=\"_blank\">Illustration von Francesco Lucianetti zu \"Dante Alighieri, Divina Commedia, Le tre Cantiche\"<\/a><\/td><td class=\"column-3\"><strong>Divina Commedia, Le tre Cantiche<\/strong> - Gedruckte Farb-Lithografie, nummerierte Auflage 100, angefertigt von Francesco Lucianetti f\u00fcr Societ\u00e0 Dante Alighieri - Comitato di Padova im Jahre 2013. Das gedruckte Original wurde uns von der Pr\u00e4sidentin des Comitato, Maristella Mazzocca, anl\u00e4sslich des Partnerschaftsmarkts 2022 in Freiburg im Breisgau als Geschenk \u00fcberreicht.<\/td>\n<\/tr>\n<tr class=\"row-5\">\n\t<td class=\"column-1\">1939<\/td><td class=\"column-2\"><a href=\"https:\/\/dante-freiburg.de\/wp-content\/uploads\/DOC129.pdf\" rel=\"noopener\" target=\"_blank\">Diploma di Profitto f\u00fcr Thekla Sch\u00f6ndorf<\/a><\/td><td class=\"column-3\"><strong>Diploma di Profitto<\/strong> - Dokument, ausgestellt am 24.7.1939 von der Societ\u00e0 Nazionale Dante Alighieri - Comitato Saarbr\u00fccken, f\u00fcr die Teilnehmerin an einem Italienisch-Kurs der Gesellschaft.<\/td>\n<\/tr>\n<tr class=\"row-6\">\n\t<td class=\"column-1\">1939<\/td><td class=\"column-2\"><a href=\"https:\/\/dante-freiburg.de\/wp-content\/uploads\/DOC130.pdf\" rel=\"noopener\" target=\"_blank\">Diploma di Profitto f\u00fcr Paul Sch\u00f6ndorf<\/a><\/td><td class=\"column-3\"><strong>Diploma di Profitto<\/strong> - Dokument, ausgestellt am 24.7.1939 von der Societ\u00e0 Nazionale Dante Alighieri - Comitato Saarbr\u00fccken, f\u00fcr den Teilnehmer an einem Italienisch-Kurs der Gesellschaft.<\/td>\n<\/tr>\n<\/tbody>\n<\/table>\n<!-- #tablepress-5 from cache --><\/div>\n\t\t\t\t\t\t<\/div>\n\t\t\t\t\t<\/div>\n\t\t<\/div>\n\t\t\t\t\t<\/div>\n\t\t<\/section>\n\t\t\t\t<\/div>\n\t\t","protected":false},"excerpt":{"rendered":"<p>Archivio di documenti storici<\/p>\n","protected":false},"author":1,"featured_media":0,"parent":0,"menu_order":0,"comment_status":"closed","ping_status":"closed","template":"","meta":{"_acf_changed":false,"ngg_post_thumbnail":0,"footnotes":""},"categories":[],"tags":[],"class_list":["post-6150","page","type-page","status-publish","hentry"],"acf":[],"_links":{"self":[{"href":"https:\/\/dante-freiburg.de\/it\/wp-json\/wp\/v2\/pages\/6150","targetHints":{"allow":["GET"]}}],"collection":[{"href":"https:\/\/dante-freiburg.de\/it\/wp-json\/wp\/v2\/pages"}],"about":[{"href":"https:\/\/dante-freiburg.de\/it\/wp-json\/wp\/v2\/types\/page"}],"author":[{"embeddable":true,"href":"https:\/\/dante-freiburg.de\/it\/wp-json\/wp\/v2\/users\/1"}],"replies":[{"embeddable":true,"href":"https:\/\/dante-freiburg.de\/it\/wp-json\/wp\/v2\/comments?post=6150"}],"version-history":[{"count":5,"href":"https:\/\/dante-freiburg.de\/it\/wp-json\/wp\/v2\/pages\/6150\/revisions"}],"predecessor-version":[{"id":37657,"href":"https:\/\/dante-freiburg.de\/it\/wp-json\/wp\/v2\/pages\/6150\/revisions\/37657"}],"wp:attachment":[{"href":"https:\/\/dante-freiburg.de\/it\/wp-json\/wp\/v2\/media?parent=6150"}],"wp:term":[{"taxonomy":"category","embeddable":true,"href":"https:\/\/dante-freiburg.de\/it\/wp-json\/wp\/v2\/categories?post=6150"},{"taxonomy":"post_tag","embeddable":true,"href":"https:\/\/dante-freiburg.de\/it\/wp-json\/wp\/v2\/tags?post=6150"}],"curies":[{"name":"wp","href":"https:\/\/api.w.org\/{rel}","templated":true}]}}